{"id":1291,"date":"2020-04-04T19:04:19","date_gmt":"2020-04-04T19:04:19","guid":{"rendered":"https:\/\/apollo.uciliste-ucka.hr\/?page_id=1291"},"modified":"2022-02-17T21:18:50","modified_gmt":"2022-02-17T21:18:50","slug":"cookie-policy","status":"publish","type":"page","link":"https:\/\/apollohotelvienna.at\/de\/cookie-policy\/","title":{"rendered":"Cookie-Richtlinie"},"content":{"rendered":"<div class=\"cli_pg_page_contaner\">\n<h3>\u00dcber diese Cookie-Richtlinie<\/h3>\n<div>\n<p>Diese Cookie-Richtlinie erkl\u00e4rt, was Cookies sind und wie wir sie verwenden. Sie sollten diese Richtlinie lesen, um zu verstehen, was Cookies sind, wie wir sie verwenden, welche Arten von Cookies wir verwenden, d. h. die Informationen, die wir mithilfe von Cookies sammeln und wie diese Informationen verwendet werden und wie Sie die Cookie-Einstellungen steuern k\u00f6nnen. Weitere Informationen dar\u00fcber, wie wir Ihre personenbezogenen Daten verwenden, speichern und sicher aufbewahren, finden Sie in unserer Datenschutzrichtlinie.<\/p>\n<p>Sie k\u00f6nnen Ihre Zustimmung zu der Cookie-Erkl\u00e4rung auf unserer Website jederzeit \u00e4ndern oder widerrufen.<br \/>\nErfahren Sie in unserer Datenschutzerkl\u00e4rung mehr dar\u00fcber, wer wir sind, wie Sie uns kontaktieren k\u00f6nnen und wie wir personenbezogene Daten verarbeiten.<br \/>\nIhre Zustimmung gilt f\u00fcr die folgenden Domains: apollohotelvienna.com<br \/>\n<div class=\"cli_user_consent_state\">Dein aktueller Status: Keine Einwilligung erteilt. <a class=\"cli_manage_current_consent\" style=\"cursor:pointer;text-decoration:underline;\">Verwalte deine Einwilligung<\/a> <\/div>\n<\/div>\n<h3>Was sind Kekse?<\/h3>\n<div>Cookies sind kleine Textdateien, die verwendet werden, um kleine Informationen zu speichern. Die Cookies werden auf Ihrem Ger\u00e4t gespeichert, wenn die Website in Ihrem Browser geladen wird. Diese Cookies helfen uns, die Website ordnungsgem\u00e4\u00df zu betreiben, die Website sicherer zu machen, eine bessere Benutzererfahrung zu bieten und zu verstehen, wie die Website funktioniert, und zu analysieren, was funktioniert und wo sie verbessert werden muss.<\/div>\n<h3>Wie verwenden wir Cookies?<\/h3>\n<div>\n<p>Wie die meisten Online-Dienste verwendet unsere Website Cookies von Erstanbietern und Drittanbietern f\u00fcr eine Reihe von Zwecken. Die Erstanbieter-Cookies sind meistens notwendig, damit die Website richtig funktioniert, und sie erfassen keine Ihrer personenbezogenen Daten.<\/p>\n<p>Die auf unseren Websites verwendeten Cookies von Drittanbietern werden haupts\u00e4chlich verwendet, um zu verstehen, wie die Website funktioniert, wie Sie mit unserer Website interagieren, unsere Dienste sicher zu halten, f\u00fcr Sie relevante Werbung bereitzustellen und Ihnen insgesamt eine bessere und verbesserte Website zu bieten Benutzererfahrung und helfen, Ihre zuk\u00fcnftigen Interaktionen mit unserer Website zu beschleunigen.<\/p>\n<\/div>\n<h3>Welche Arten von Cookies verwenden wir?<\/h3>\n<div>\n<p>Wesentlich: Einige Cookies sind unerl\u00e4sslich, damit Sie die volle Funktionalit\u00e4t unserer Website nutzen k\u00f6nnen. Sie erm\u00f6glichen es uns, Benutzersitzungen aufrechtzuerhalten und Sicherheitsbedrohungen zu verhindern. Sie sammeln oder speichern keine pers\u00f6nlichen Informationen. Diese Cookies erm\u00f6glichen es Ihnen beispielsweise, sich bei Ihrem Konto anzumelden und Produkte zu Ihrem Warenkorb hinzuzuf\u00fcgen und sicher zur Kasse zu gehen.<\/p>\n<p>Statistiken: Diese Cookies speichern Informationen wie die Anzahl der Besucher der Website, die Anzahl der einzelnen Besucher, welche Seiten der Website besucht wurden, die Quelle des Besuchs usw. Diese Daten helfen uns zu verstehen und zu analysieren, wie gut die Website funktioniert und wo Verbesserungsbedarf besteht.<\/p>\n<p>Marketing: Unsere Website zeigt Werbung an. Diese Cookies werden verwendet, um die Werbung, die wir Ihnen zeigen, so zu personalisieren, dass sie f\u00fcr Sie aussagekr\u00e4ftig ist. Diese Cookies helfen uns auch, die Effizienz dieser Werbekampagnen zu verfolgen.<br \/>\nDie in diesen Cookies gespeicherten Informationen k\u00f6nnen auch von den Drittanbietern von Anzeigen verwendet werden, um Ihnen auch Anzeigen auf anderen Websites im Browser anzuzeigen.<\/p>\n<p>Funktional: Dies sind die Cookies, die bestimmte nicht wesentliche Funktionen auf unserer Website unterst\u00fctzen. Diese Funktionalit\u00e4ten umfassen das Einbetten von Inhalten wie Videos oder das Teilen von Inhalten auf der Website auf Social-Media-Plattformen.<\/p>\n<p>Pr\u00e4ferenzen: Diese Cookies helfen uns, Ihre Einstellungen und Browsing-Pr\u00e4ferenzen wie Sprachpr\u00e4ferenzen zu speichern, damit Sie bei zuk\u00fcnftigen Besuchen der Website ein besseres und effizienteres Erlebnis haben.<br \/>\n<\/p>\n<\/div>\n<h3>Wie kann ich die Cookie-Einstellungen steuern?<\/h3>\n<div>\n<p>Sollten Sie sich entscheiden, Ihre Einstellungen sp\u00e4ter w\u00e4hrend Ihrer Browsersitzung zu \u00e4ndern, k\u00f6nnen Sie auf Ihrem Bildschirm auf die Registerkarte \u201eDatenschutz- und Cookie-Richtlinie\u201c klicken. Dadurch wird der Zustimmungshinweis erneut angezeigt, sodass Sie Ihre Einstellungen \u00e4ndern oder Ihre Zustimmung vollst\u00e4ndig widerrufen k\u00f6nnen.<\/p>\n<p>Dar\u00fcber hinaus bieten verschiedene Browser unterschiedliche Methoden zum Blockieren und L\u00f6schen von Cookies, die von Websites verwendet werden. Sie k\u00f6nnen die Einstellungen Ihres Browsers \u00e4ndern, um Cookies zu blockieren\/l\u00f6schen. Weitere Informationen zum Verwalten und L\u00f6schen von Cookies finden Sie auf wikipedia.org, www.allaboutcookies.org.<\/p>\n<\/div>\n<\/div>","protected":false},"excerpt":{"rendered":"<p>About this cookie policy This Cookie Policy explains what cookies are and how we use them. You should read this policy to understand what cookies are, how we use them, the types of cookies we use i.e, the information we collect using cookies and how that information is used and how to control the cookie [&hellip;]<\/p>\n","protected":false},"author":1,"featured_media":0,"parent":0,"menu_order":0,"comment_status":"closed","ping_status":"closed","template":"","meta":{"ngg_post_thumbnail":0,"footnotes":""},"class_list":["post-1291","page","type-page","status-publish","hentry"],"yoast_head":"<!-- This site is optimized with the Yoast SEO plugin v27.1.1 - https:\/\/yoast.com\/product\/yoast-seo-wordpress\/ -->\n<title>Cookie Policy - Apollo Hotel Vienna<\/title>\n<meta name=\"robots\" content=\"index, follow, max-snippet:-1, max-image-preview:large, max-video-preview:-1\" \/>\n<link rel=\"canonical\" href=\"https:\/\/apollohotelvienna.at\/de\/cookie-policy\/\" \/>\n<meta property=\"og:locale\" content=\"de_DE\" \/>\n<meta property=\"og:type\" content=\"article\" \/>\n<meta property=\"og:title\" content=\"Cookie Policy - Apollo Hotel Vienna\" \/>\n<meta property=\"og:description\" content=\"About this cookie policy This Cookie Policy explains what cookies are and how we use them. You should read this policy to understand what cookies are, how we use them, the types of cookies we use i.e, the information we collect using cookies and how that information is used and how to control the cookie [&hellip;]\" \/>\n<meta property=\"og:url\" content=\"https:\/\/apollohotelvienna.at\/de\/cookie-policy\/\" \/>\n<meta property=\"og:site_name\" content=\"Apollo Hotel Vienna\" \/>\n<meta property=\"article:publisher\" content=\"https:\/\/www.facebook.com\/apollohotelvienna\" \/>\n<meta property=\"article:modified_time\" content=\"2022-02-17T21:18:50+00:00\" \/>\n<meta name=\"twitter:card\" content=\"summary_large_image\" \/>\n<meta name=\"twitter:label1\" content=\"Gesch\u00e4tzte Lesezeit\" \/>\n\t<meta name=\"twitter:data1\" content=\"3 Minuten\" \/>\n<script type=\"application\/ld+json\" class=\"yoast-schema-graph\">{\"@context\":\"https:\/\/schema.org\",\"@graph\":[{\"@type\":\"WebPage\",\"@id\":\"https:\/\/apollohotelvienna.at\/cookie-policy\/\",\"url\":\"https:\/\/apollohotelvienna.at\/cookie-policy\/\",\"name\":\"Cookie Policy - Apollo Hotel Vienna\",\"isPartOf\":{\"@id\":\"https:\/\/apollohotelvienna.at\/de\/#website\"},\"datePublished\":\"2020-04-04T19:04:19+00:00\",\"dateModified\":\"2022-02-17T21:18:50+00:00\",\"breadcrumb\":{\"@id\":\"https:\/\/apollohotelvienna.at\/cookie-policy\/#breadcrumb\"},\"inLanguage\":\"de-AT\",\"potentialAction\":[{\"@type\":\"ReadAction\",\"target\":[\"https:\/\/apollohotelvienna.at\/cookie-policy\/\"]}]},{\"@type\":\"BreadcrumbList\",\"@id\":\"https:\/\/apollohotelvienna.at\/cookie-policy\/#breadcrumb\",\"itemListElement\":[{\"@type\":\"ListItem\",\"position\":1,\"name\":\"Home\",\"item\":\"https:\/\/apollohotelvienna.at\/\"},{\"@type\":\"ListItem\",\"position\":2,\"name\":\"Cookie Policy\"}]},{\"@type\":\"WebSite\",\"@id\":\"https:\/\/apollohotelvienna.at\/de\/#website\",\"url\":\"https:\/\/apollohotelvienna.at\/de\/\",\"name\":\"Apollo Hotel Vienna\",\"description\":\"- Hotel in Vienna\",\"publisher\":{\"@id\":\"https:\/\/apollohotelvienna.at\/de\/#organization\"},\"potentialAction\":[{\"@type\":\"SearchAction\",\"target\":{\"@type\":\"EntryPoint\",\"urlTemplate\":\"https:\/\/apollohotelvienna.at\/de\/?s={search_term_string}\"},\"query-input\":{\"@type\":\"PropertyValueSpecification\",\"valueRequired\":true,\"valueName\":\"search_term_string\"}}],\"inLanguage\":\"de-AT\"},{\"@type\":\"Organization\",\"@id\":\"https:\/\/apollohotelvienna.at\/de\/#organization\",\"name\":\"Apollo Hotel Vienna\",\"url\":\"https:\/\/apollohotelvienna.at\/de\/\",\"logo\":{\"@type\":\"ImageObject\",\"inLanguage\":\"de-AT\",\"@id\":\"https:\/\/apollohotelvienna.at\/de\/#\/schema\/logo\/image\/\",\"url\":\"https:\/\/apollohotelvienna.at\/wp-content\/uploads\/2020\/04\/apollo-logo-e1585934266656.png\",\"contentUrl\":\"https:\/\/apollohotelvienna.at\/wp-content\/uploads\/2020\/04\/apollo-logo-e1585934266656.png\",\"width\":120,\"height\":120,\"caption\":\"Apollo Hotel Vienna\"},\"image\":{\"@id\":\"https:\/\/apollohotelvienna.at\/de\/#\/schema\/logo\/image\/\"},\"sameAs\":[\"https:\/\/www.facebook.com\/apollohotelvienna\",\"https:\/\/www.linkedin.com\/company\/apollo-hotel-vienna\/about\/\"]}]}<\/script>\n<!-- \/ Yoast SEO plugin. -->","yoast_head_json":{"title":"Cookie Policy - Apollo Hotel Vienna","robots":{"index":"index","follow":"follow","max-snippet":"max-snippet:-1","max-image-preview":"max-image-preview:large","max-video-preview":"max-video-preview:-1"},"canonical":"https:\/\/apollohotelvienna.at\/de\/cookie-policy\/","og_locale":"de_DE","og_type":"article","og_title":"Cookie Policy - Apollo Hotel Vienna","og_description":"About this cookie policy This Cookie Policy explains what cookies are and how we use them. You should read this policy to understand what cookies are, how we use them, the types of cookies we use i.e, the information we collect using cookies and how that information is used and how to control the cookie [&hellip;]","og_url":"https:\/\/apollohotelvienna.at\/de\/cookie-policy\/","og_site_name":"Apollo Hotel Vienna","article_publisher":"https:\/\/www.facebook.com\/apollohotelvienna","article_modified_time":"2022-02-17T21:18:50+00:00","twitter_card":"summary_large_image","twitter_misc":{"Gesch\u00e4tzte Lesezeit":"3 Minuten"},"schema":{"@context":"https:\/\/schema.org","@graph":[{"@type":"WebPage","@id":"https:\/\/apollohotelvienna.at\/cookie-policy\/","url":"https:\/\/apollohotelvienna.at\/cookie-policy\/","name":"Cookie Policy - Apollo Hotel Vienna","isPartOf":{"@id":"https:\/\/apollohotelvienna.at\/de\/#website"},"datePublished":"2020-04-04T19:04:19+00:00","dateModified":"2022-02-17T21:18:50+00:00","breadcrumb":{"@id":"https:\/\/apollohotelvienna.at\/cookie-policy\/#breadcrumb"},"inLanguage":"de-AT","potentialAction":[{"@type":"ReadAction","target":["https:\/\/apollohotelvienna.at\/cookie-policy\/"]}]},{"@type":"BreadcrumbList","@id":"https:\/\/apollohotelvienna.at\/cookie-policy\/#breadcrumb","itemListElement":[{"@type":"ListItem","position":1,"name":"Home","item":"https:\/\/apollohotelvienna.at\/"},{"@type":"ListItem","position":2,"name":"Cookie Policy"}]},{"@type":"WebSite","@id":"https:\/\/apollohotelvienna.at\/de\/#website","url":"https:\/\/apollohotelvienna.at\/de\/","name":"Apollo Hotel Wien","description":"- Hotel in Vienna","publisher":{"@id":"https:\/\/apollohotelvienna.at\/de\/#organization"},"potentialAction":[{"@type":"SearchAction","target":{"@type":"EntryPoint","urlTemplate":"https:\/\/apollohotelvienna.at\/de\/?s={search_term_string}"},"query-input":{"@type":"PropertyValueSpecification","valueRequired":true,"valueName":"search_term_string"}}],"inLanguage":"de-AT"},{"@type":"Organization","@id":"https:\/\/apollohotelvienna.at\/de\/#organization","name":"Apollo Hotel Wien","url":"https:\/\/apollohotelvienna.at\/de\/","logo":{"@type":"ImageObject","inLanguage":"de-AT","@id":"https:\/\/apollohotelvienna.at\/de\/#\/schema\/logo\/image\/","url":"https:\/\/apollohotelvienna.at\/wp-content\/uploads\/2020\/04\/apollo-logo-e1585934266656.png","contentUrl":"https:\/\/apollohotelvienna.at\/wp-content\/uploads\/2020\/04\/apollo-logo-e1585934266656.png","width":120,"height":120,"caption":"Apollo Hotel Vienna"},"image":{"@id":"https:\/\/apollohotelvienna.at\/de\/#\/schema\/logo\/image\/"},"sameAs":["https:\/\/www.facebook.com\/apollohotelvienna","https:\/\/www.linkedin.com\/company\/apollo-hotel-vienna\/about\/"]}]}},"_links":{"self":[{"href":"https:\/\/apollohotelvienna.at\/de\/wp-json\/wp\/v2\/pages\/1291","targetHints":{"allow":["GET"]}}],"collection":[{"href":"https:\/\/apollohotelvienna.at\/de\/wp-json\/wp\/v2\/pages"}],"about":[{"href":"https:\/\/apollohotelvienna.at\/de\/wp-json\/wp\/v2\/types\/page"}],"author":[{"embeddable":true,"href":"https:\/\/apollohotelvienna.at\/de\/wp-json\/wp\/v2\/users\/1"}],"replies":[{"embeddable":true,"href":"https:\/\/apollohotelvienna.at\/de\/wp-json\/wp\/v2\/comments?post=1291"}],"version-history":[{"count":0,"href":"https:\/\/apollohotelvienna.at\/de\/wp-json\/wp\/v2\/pages\/1291\/revisions"}],"wp:attachment":[{"href":"https:\/\/apollohotelvienna.at\/de\/wp-json\/wp\/v2\/media?parent=1291"}],"curies":[{"name":"wp","href":"https:\/\/api.w.org\/{rel}","templated":true}]}}